{"id":8579,"date":"2026-02-23T09:24:07","date_gmt":"2026-02-23T09:24:07","guid":{"rendered":"https:\/\/m-wise.eu\/?page_id=8579"},"modified":"2026-03-16T16:41:04","modified_gmt":"2026-03-16T16:41:04","slug":"home-2026","status":"publish","type":"page","link":"https:\/\/m-wise.eu\/de\/","title":{"rendered":"Home Page 2026"},"content":{"rendered":"","protected":false},"excerpt":{"rendered":"","protected":false},"author":5,"featured_media":0,"parent":0,"menu_order":0,"comment_status":"closed","ping_status":"closed","template":"new-home-template.php","meta":{"_acf_changed":false,"footnotes":""},"class_list":["post-8579","page","type-page","status-publish","hentry"],"acf":[],"yoast_head":"<!-- This site is optimized with the Yoast SEO Premium plugin v27.3 (Yoast SEO v27.4) - https:\/\/yoast.com\/product\/yoast-seo-premium-wordpress\/ -->\n<title>m\u2013wise | Preisgekr\u00f6nte Loyalty-Software f\u00fcr B2B und B2C<\/title>\n<meta name=\"description\" content=\"Erstellen Sie Loyalty-Programme der n\u00e4chsten Generation mit leistungsstarken Tools, um Kundenbindung zu st\u00e4rken und Ihren ROI zu maximieren.\" \/>\n<meta name=\"robots\" content=\"index, follow, max-snippet:-1, max-image-preview:large, max-video-preview:-1\" \/>\n<link rel=\"canonical\" href=\"https:\/\/m-wise.eu\/de\/\" \/>\n<meta property=\"og:locale\" content=\"de_DE\" \/>\n<meta property=\"og:type\" content=\"article\" \/>\n<meta property=\"og:title\" content=\"m\u2013wise | Preisgekr\u00f6nte Loyalty-Software f\u00fcr B2B und B2C\" \/>\n<meta property=\"og:description\" content=\"Erstellen Sie Loyalty-Programme der n\u00e4chsten Generation mit leistungsstarken Tools, um Kundenbindung zu st\u00e4rken und Ihren ROI zu maximieren.\" \/>\n<meta property=\"og:url\" content=\"https:\/\/m-wise.eu\/de\/\" \/>\n<meta property=\"og:site_name\" content=\"m\u2013wise\" \/>\n<meta property=\"article:modified_time\" content=\"2026-03-16T16:41:04+00:00\" \/>\n<meta property=\"og:image\" content=\"https:\/\/m-wise.eu\/wp-content\/uploads\/2026\/01\/m-wise-Loyalty-Cloud-Light-overview-app-14-1-scaled.png\" \/>\n\t<meta property=\"og:image:width\" content=\"2560\" \/>\n\t<meta property=\"og:image:height\" content=\"1170\" \/>\n\t<meta property=\"og:image:type\" content=\"image\/png\" \/>\n<meta name=\"twitter:card\" content=\"summary_large_image\" \/>\n<meta name=\"twitter:title\" content=\"Home Page 2026\" \/>\n<script type=\"application\/ld+json\" class=\"yoast-schema-graph\">{\"@context\":\"https:\\\/\\\/schema.org\",\"@graph\":[{\"@type\":\"WebPage\",\"@id\":\"https:\\\/\\\/m-wise.eu\\\/de\\\/\",\"url\":\"https:\\\/\\\/m-wise.eu\\\/de\\\/\",\"name\":\"m\u2013wise | Preisgekr\u00f6nte Loyalty-Software f\u00fcr B2B und B2C\",\"isPartOf\":{\"@id\":\"https:\\\/\\\/m-wise.eu\\\/de\\\/#website\"},\"datePublished\":\"2026-02-23T09:24:07+00:00\",\"dateModified\":\"2026-03-16T16:41:04+00:00\",\"description\":\"Erstellen Sie Loyalty-Programme der n\u00e4chsten Generation mit leistungsstarken Tools, um Kundenbindung zu st\u00e4rken und Ihren ROI zu maximieren.\",\"breadcrumb\":{\"@id\":\"https:\\\/\\\/m-wise.eu\\\/de\\\/#breadcrumb\"},\"inLanguage\":\"de\",\"potentialAction\":[{\"@type\":\"ReadAction\",\"target\":[\"https:\\\/\\\/m-wise.eu\\\/de\\\/\"]}]},{\"@type\":\"BreadcrumbList\",\"@id\":\"https:\\\/\\\/m-wise.eu\\\/de\\\/#breadcrumb\",\"itemListElement\":[{\"@type\":\"ListItem\",\"position\":1,\"name\":\"Home\",\"item\":\"https:\\\/\\\/m-wise.eu\\\/de\\\/home-2026\\\/\"},{\"@type\":\"ListItem\",\"position\":2,\"name\":\"Home Page 2026\"}]},{\"@type\":\"WebSite\",\"@id\":\"https:\\\/\\\/m-wise.eu\\\/de\\\/#website\",\"url\":\"https:\\\/\\\/m-wise.eu\\\/de\\\/\",\"name\":\"m\u2013wise\",\"description\":\"\",\"publisher\":{\"@id\":\"https:\\\/\\\/m-wise.eu\\\/de\\\/#organization\"},\"potentialAction\":[{\"@type\":\"SearchAction\",\"target\":{\"@type\":\"EntryPoint\",\"urlTemplate\":\"https:\\\/\\\/m-wise.eu\\\/de\\\/?s={search_term_string}\"},\"query-input\":{\"@type\":\"PropertyValueSpecification\",\"valueRequired\":true,\"valueName\":\"search_term_string\"}}],\"inLanguage\":\"de\"},{\"@type\":\"Organization\",\"@id\":\"https:\\\/\\\/m-wise.eu\\\/de\\\/#organization\",\"name\":\"m\u2013wise\",\"url\":\"https:\\\/\\\/m-wise.eu\\\/de\\\/\",\"logo\":{\"@type\":\"ImageObject\",\"inLanguage\":\"de\",\"@id\":\"https:\\\/\\\/m-wise.eu\\\/de\\\/#\\\/schema\\\/logo\\\/image\\\/\",\"url\":\"https:\\\/\\\/m-wise.eu\\\/wp-content\\\/uploads\\\/2024\\\/12\\\/Full-logo.png\",\"contentUrl\":\"https:\\\/\\\/m-wise.eu\\\/wp-content\\\/uploads\\\/2024\\\/12\\\/Full-logo.png\",\"width\":990,\"height\":616,\"caption\":\"m\u2013wise\"},\"image\":{\"@id\":\"https:\\\/\\\/m-wise.eu\\\/de\\\/#\\\/schema\\\/logo\\\/image\\\/\"},\"sameAs\":[\"https:\\\/\\\/www.linkedin.com\\\/company\\\/m-wise\\\/\"]}]}<\/script>\n<!-- \/ Yoast SEO Premium plugin. -->","yoast_head_json":{"title":"m\u2013wise | Preisgekr\u00f6nte Loyalty-Software f\u00fcr B2B und B2C","description":"Erstellen Sie Loyalty-Programme der n\u00e4chsten Generation mit leistungsstarken Tools, um Kundenbindung zu st\u00e4rken und Ihren ROI zu maximieren.","robots":{"index":"index","follow":"follow","max-snippet":"max-snippet:-1","max-image-preview":"max-image-preview:large","max-video-preview":"max-video-preview:-1"},"canonical":"https:\/\/m-wise.eu\/de\/","og_locale":"de_DE","og_type":"article","og_title":"m\u2013wise | Preisgekr\u00f6nte Loyalty-Software f\u00fcr B2B und B2C","og_description":"Erstellen Sie Loyalty-Programme der n\u00e4chsten Generation mit leistungsstarken Tools, um Kundenbindung zu st\u00e4rken und Ihren ROI zu maximieren.","og_url":"https:\/\/m-wise.eu\/de\/","og_site_name":"m\u2013wise","article_modified_time":"2026-03-16T16:41:04+00:00","og_image":[{"width":2560,"height":1170,"url":"https:\/\/m-wise.eu\/wp-content\/uploads\/2026\/01\/m-wise-Loyalty-Cloud-Light-overview-app-14-1-scaled.png","type":"image\/png"}],"twitter_card":"summary_large_image","twitter_title":"Home Page 2026","schema":{"@context":"https:\/\/schema.org","@graph":[{"@type":"WebPage","@id":"https:\/\/m-wise.eu\/de\/","url":"https:\/\/m-wise.eu\/de\/","name":"m\u2013wise | Preisgekr\u00f6nte Loyalty-Software f\u00fcr B2B und B2C","isPartOf":{"@id":"https:\/\/m-wise.eu\/de\/#website"},"datePublished":"2026-02-23T09:24:07+00:00","dateModified":"2026-03-16T16:41:04+00:00","description":"Erstellen Sie Loyalty-Programme der n\u00e4chsten Generation mit leistungsstarken Tools, um Kundenbindung zu st\u00e4rken und Ihren ROI zu maximieren.","breadcrumb":{"@id":"https:\/\/m-wise.eu\/de\/#breadcrumb"},"inLanguage":"de","potentialAction":[{"@type":"ReadAction","target":["https:\/\/m-wise.eu\/de\/"]}]},{"@type":"BreadcrumbList","@id":"https:\/\/m-wise.eu\/de\/#breadcrumb","itemListElement":[{"@type":"ListItem","position":1,"name":"Home","item":"https:\/\/m-wise.eu\/de\/home-2026\/"},{"@type":"ListItem","position":2,"name":"Home Page 2026"}]},{"@type":"WebSite","@id":"https:\/\/m-wise.eu\/de\/#website","url":"https:\/\/m-wise.eu\/de\/","name":"m\u2013wise","description":"","publisher":{"@id":"https:\/\/m-wise.eu\/de\/#organization"},"potentialAction":[{"@type":"SearchAction","target":{"@type":"EntryPoint","urlTemplate":"https:\/\/m-wise.eu\/de\/?s={search_term_string}"},"query-input":{"@type":"PropertyValueSpecification","valueRequired":true,"valueName":"search_term_string"}}],"inLanguage":"de"},{"@type":"Organization","@id":"https:\/\/m-wise.eu\/de\/#organization","name":"m\u2013wise","url":"https:\/\/m-wise.eu\/de\/","logo":{"@type":"ImageObject","inLanguage":"de","@id":"https:\/\/m-wise.eu\/de\/#\/schema\/logo\/image\/","url":"https:\/\/m-wise.eu\/wp-content\/uploads\/2024\/12\/Full-logo.png","contentUrl":"https:\/\/m-wise.eu\/wp-content\/uploads\/2024\/12\/Full-logo.png","width":990,"height":616,"caption":"m\u2013wise"},"image":{"@id":"https:\/\/m-wise.eu\/de\/#\/schema\/logo\/image\/"},"sameAs":["https:\/\/www.linkedin.com\/company\/m-wise\/"]}]}},"_links":{"self":[{"href":"https:\/\/m-wise.eu\/de\/wp-json\/wp\/v2\/pages\/8579","targetHints":{"allow":["GET"]}}],"collection":[{"href":"https:\/\/m-wise.eu\/de\/wp-json\/wp\/v2\/pages"}],"about":[{"href":"https:\/\/m-wise.eu\/de\/wp-json\/wp\/v2\/types\/page"}],"author":[{"embeddable":true,"href":"https:\/\/m-wise.eu\/de\/wp-json\/wp\/v2\/users\/5"}],"replies":[{"embeddable":true,"href":"https:\/\/m-wise.eu\/de\/wp-json\/wp\/v2\/comments?post=8579"}],"version-history":[{"count":26,"href":"https:\/\/m-wise.eu\/de\/wp-json\/wp\/v2\/pages\/8579\/revisions"}],"predecessor-version":[{"id":9126,"href":"https:\/\/m-wise.eu\/de\/wp-json\/wp\/v2\/pages\/8579\/revisions\/9126"}],"wp:attachment":[{"href":"https:\/\/m-wise.eu\/de\/wp-json\/wp\/v2\/media?parent=8579"}],"curies":[{"name":"wp","href":"https:\/\/api.w.org\/{rel}","templated":true}]}}