{"id":3980,"date":"2024-03-25T12:41:08","date_gmt":"2024-03-25T12:41:08","guid":{"rendered":"https:\/\/m-wise.knockloud.com\/individuell-gestaltet\/"},"modified":"2025-01-19T20:09:53","modified_gmt":"2025-01-19T20:09:53","slug":"individuell-gestaltet-programme","status":"publish","type":"page","link":"https:\/\/m-wise.eu\/de\/fachwissen\/individuell-gestaltet-programme\/","title":{"rendered":"Individuell gestaltet"},"content":{"rendered":"","protected":false},"excerpt":{"rendered":"","protected":false},"author":1,"featured_media":0,"parent":4050,"menu_order":0,"comment_status":"closed","ping_status":"closed","template":"","meta":{"_acf_changed":false,"footnotes":""},"class_list":["post-3980","page","type-page","status-publish","hentry"],"acf":[],"yoast_head":"<!-- This site is optimized with the Yoast SEO Premium plugin v27.3 (Yoast SEO v27.3) - https:\/\/yoast.com\/product\/yoast-seo-premium-wordpress\/ -->\n<title>Ma\u00dfgeschneidertes Treueprogramme | m\u2013wise<\/title>\n<meta name=\"description\" content=\"Ein ma\u00dfgeschneidertes Treueprogramm ist eine personalisierte L\u00f6sung, die perfekt auf Ihre Markenidentit\u00e4t und die Bed\u00fcrfnisse Ihrer Kunden abgestimmt ist.\" \/>\n<meta name=\"robots\" content=\"index, follow, max-snippet:-1, max-image-preview:large, max-video-preview:-1\" \/>\n<link rel=\"canonical\" href=\"https:\/\/m-wise.eu\/de\/fachwissen\/individuell-gestaltet-programme\/\" \/>\n<meta property=\"og:locale\" content=\"de_DE\" \/>\n<meta property=\"og:type\" content=\"article\" \/>\n<meta property=\"og:title\" content=\"Ma\u00dfgeschneidertes Treueprogramme | m\u2013wise\" \/>\n<meta property=\"og:description\" content=\"Ein ma\u00dfgeschneidertes Treueprogramm ist eine personalisierte L\u00f6sung, die perfekt auf Ihre Markenidentit\u00e4t und die Bed\u00fcrfnisse Ihrer Kunden abgestimmt ist.\" \/>\n<meta property=\"og:url\" content=\"https:\/\/m-wise.eu\/de\/fachwissen\/individuell-gestaltet-programme\/\" \/>\n<meta property=\"og:site_name\" content=\"m\u2013wise\" \/>\n<meta property=\"article:modified_time\" content=\"2025-01-19T20:09:53+00:00\" \/>\n<meta property=\"og:image\" content=\"https:\/\/m-wise.eu\/wp-content\/uploads\/2024\/07\/19.1-Web-WL-App.png\" \/>\n\t<meta property=\"og:image:width\" content=\"1152\" \/>\n\t<meta property=\"og:image:height\" content=\"1121\" \/>\n\t<meta property=\"og:image:type\" content=\"image\/png\" \/>\n<meta name=\"twitter:card\" content=\"summary_large_image\" \/>\n<meta name=\"twitter:title\" content=\"Individuell gestaltet\" \/>\n<script type=\"application\/ld+json\" class=\"yoast-schema-graph\">{\"@context\":\"https:\\\/\\\/schema.org\",\"@graph\":[{\"@type\":\"WebPage\",\"@id\":\"https:\\\/\\\/m-wise.eu\\\/de\\\/fachwissen\\\/individuell-gestaltet-programme\\\/\",\"url\":\"https:\\\/\\\/m-wise.eu\\\/de\\\/fachwissen\\\/individuell-gestaltet-programme\\\/\",\"name\":\"Ma\u00dfgeschneidertes Treueprogramme | m\u2013wise\",\"isPartOf\":{\"@id\":\"https:\\\/\\\/m-wise.eu\\\/de\\\/#website\"},\"datePublished\":\"2024-03-25T12:41:08+00:00\",\"dateModified\":\"2025-01-19T20:09:53+00:00\",\"description\":\"Ein ma\u00dfgeschneidertes Treueprogramm ist eine personalisierte L\u00f6sung, die perfekt auf Ihre Markenidentit\u00e4t und die Bed\u00fcrfnisse Ihrer Kunden abgestimmt ist.\",\"breadcrumb\":{\"@id\":\"https:\\\/\\\/m-wise.eu\\\/de\\\/fachwissen\\\/individuell-gestaltet-programme\\\/#breadcrumb\"},\"inLanguage\":\"de\",\"potentialAction\":[{\"@type\":\"ReadAction\",\"target\":[\"https:\\\/\\\/m-wise.eu\\\/de\\\/fachwissen\\\/individuell-gestaltet-programme\\\/\"]}]},{\"@type\":\"BreadcrumbList\",\"@id\":\"https:\\\/\\\/m-wise.eu\\\/de\\\/fachwissen\\\/individuell-gestaltet-programme\\\/#breadcrumb\",\"itemListElement\":[{\"@type\":\"ListItem\",\"position\":1,\"name\":\"Home\",\"item\":\"https:\\\/\\\/m-wise.eu\\\/de\\\/home-2026\\\/\"},{\"@type\":\"ListItem\",\"position\":2,\"name\":\"Fachwissen\",\"item\":\"https:\\\/\\\/m-wise.eu\\\/de\\\/fachwissen\\\/\"},{\"@type\":\"ListItem\",\"position\":3,\"name\":\"Individuell gestaltet\"}]},{\"@type\":\"WebSite\",\"@id\":\"https:\\\/\\\/m-wise.eu\\\/de\\\/#website\",\"url\":\"https:\\\/\\\/m-wise.eu\\\/de\\\/\",\"name\":\"m\u2013wise\",\"description\":\"\",\"publisher\":{\"@id\":\"https:\\\/\\\/m-wise.eu\\\/de\\\/#organization\"},\"potentialAction\":[{\"@type\":\"SearchAction\",\"target\":{\"@type\":\"EntryPoint\",\"urlTemplate\":\"https:\\\/\\\/m-wise.eu\\\/de\\\/?s={search_term_string}\"},\"query-input\":{\"@type\":\"PropertyValueSpecification\",\"valueRequired\":true,\"valueName\":\"search_term_string\"}}],\"inLanguage\":\"de\"},{\"@type\":\"Organization\",\"@id\":\"https:\\\/\\\/m-wise.eu\\\/de\\\/#organization\",\"name\":\"m\u2013wise\",\"url\":\"https:\\\/\\\/m-wise.eu\\\/de\\\/\",\"logo\":{\"@type\":\"ImageObject\",\"inLanguage\":\"de\",\"@id\":\"https:\\\/\\\/m-wise.eu\\\/de\\\/#\\\/schema\\\/logo\\\/image\\\/\",\"url\":\"https:\\\/\\\/m-wise.eu\\\/wp-content\\\/uploads\\\/2024\\\/12\\\/Full-logo.png\",\"contentUrl\":\"https:\\\/\\\/m-wise.eu\\\/wp-content\\\/uploads\\\/2024\\\/12\\\/Full-logo.png\",\"width\":990,\"height\":616,\"caption\":\"m\u2013wise\"},\"image\":{\"@id\":\"https:\\\/\\\/m-wise.eu\\\/de\\\/#\\\/schema\\\/logo\\\/image\\\/\"},\"sameAs\":[\"https:\\\/\\\/www.linkedin.com\\\/company\\\/m-wise\\\/\"]}]}<\/script>\n<!-- \/ Yoast SEO Premium plugin. -->","yoast_head_json":{"title":"Ma\u00dfgeschneidertes Treueprogramme | m\u2013wise","description":"Ein ma\u00dfgeschneidertes Treueprogramm ist eine personalisierte L\u00f6sung, die perfekt auf Ihre Markenidentit\u00e4t und die Bed\u00fcrfnisse Ihrer Kunden abgestimmt ist.","robots":{"index":"index","follow":"follow","max-snippet":"max-snippet:-1","max-image-preview":"max-image-preview:large","max-video-preview":"max-video-preview:-1"},"canonical":"https:\/\/m-wise.eu\/de\/fachwissen\/individuell-gestaltet-programme\/","og_locale":"de_DE","og_type":"article","og_title":"Ma\u00dfgeschneidertes Treueprogramme | m\u2013wise","og_description":"Ein ma\u00dfgeschneidertes Treueprogramm ist eine personalisierte L\u00f6sung, die perfekt auf Ihre Markenidentit\u00e4t und die Bed\u00fcrfnisse Ihrer Kunden abgestimmt ist.","og_url":"https:\/\/m-wise.eu\/de\/fachwissen\/individuell-gestaltet-programme\/","og_site_name":"m\u2013wise","article_modified_time":"2025-01-19T20:09:53+00:00","og_image":[{"width":1152,"height":1121,"url":"https:\/\/m-wise.eu\/wp-content\/uploads\/2024\/07\/19.1-Web-WL-App.png","type":"image\/png"}],"twitter_card":"summary_large_image","twitter_title":"Individuell gestaltet","schema":{"@context":"https:\/\/schema.org","@graph":[{"@type":"WebPage","@id":"https:\/\/m-wise.eu\/de\/fachwissen\/individuell-gestaltet-programme\/","url":"https:\/\/m-wise.eu\/de\/fachwissen\/individuell-gestaltet-programme\/","name":"Ma\u00dfgeschneidertes Treueprogramme | m\u2013wise","isPartOf":{"@id":"https:\/\/m-wise.eu\/de\/#website"},"datePublished":"2024-03-25T12:41:08+00:00","dateModified":"2025-01-19T20:09:53+00:00","description":"Ein ma\u00dfgeschneidertes Treueprogramm ist eine personalisierte L\u00f6sung, die perfekt auf Ihre Markenidentit\u00e4t und die Bed\u00fcrfnisse Ihrer Kunden abgestimmt ist.","breadcrumb":{"@id":"https:\/\/m-wise.eu\/de\/fachwissen\/individuell-gestaltet-programme\/#breadcrumb"},"inLanguage":"de","potentialAction":[{"@type":"ReadAction","target":["https:\/\/m-wise.eu\/de\/fachwissen\/individuell-gestaltet-programme\/"]}]},{"@type":"BreadcrumbList","@id":"https:\/\/m-wise.eu\/de\/fachwissen\/individuell-gestaltet-programme\/#breadcrumb","itemListElement":[{"@type":"ListItem","position":1,"name":"Home","item":"https:\/\/m-wise.eu\/de\/home-2026\/"},{"@type":"ListItem","position":2,"name":"Fachwissen","item":"https:\/\/m-wise.eu\/de\/fachwissen\/"},{"@type":"ListItem","position":3,"name":"Individuell gestaltet"}]},{"@type":"WebSite","@id":"https:\/\/m-wise.eu\/de\/#website","url":"https:\/\/m-wise.eu\/de\/","name":"m\u2013wise","description":"","publisher":{"@id":"https:\/\/m-wise.eu\/de\/#organization"},"potentialAction":[{"@type":"SearchAction","target":{"@type":"EntryPoint","urlTemplate":"https:\/\/m-wise.eu\/de\/?s={search_term_string}"},"query-input":{"@type":"PropertyValueSpecification","valueRequired":true,"valueName":"search_term_string"}}],"inLanguage":"de"},{"@type":"Organization","@id":"https:\/\/m-wise.eu\/de\/#organization","name":"m\u2013wise","url":"https:\/\/m-wise.eu\/de\/","logo":{"@type":"ImageObject","inLanguage":"de","@id":"https:\/\/m-wise.eu\/de\/#\/schema\/logo\/image\/","url":"https:\/\/m-wise.eu\/wp-content\/uploads\/2024\/12\/Full-logo.png","contentUrl":"https:\/\/m-wise.eu\/wp-content\/uploads\/2024\/12\/Full-logo.png","width":990,"height":616,"caption":"m\u2013wise"},"image":{"@id":"https:\/\/m-wise.eu\/de\/#\/schema\/logo\/image\/"},"sameAs":["https:\/\/www.linkedin.com\/company\/m-wise\/"]}]}},"_links":{"self":[{"href":"https:\/\/m-wise.eu\/de\/wp-json\/wp\/v2\/pages\/3980","targetHints":{"allow":["GET"]}}],"collection":[{"href":"https:\/\/m-wise.eu\/de\/wp-json\/wp\/v2\/pages"}],"about":[{"href":"https:\/\/m-wise.eu\/de\/wp-json\/wp\/v2\/types\/page"}],"author":[{"embeddable":true,"href":"https:\/\/m-wise.eu\/de\/wp-json\/wp\/v2\/users\/1"}],"replies":[{"embeddable":true,"href":"https:\/\/m-wise.eu\/de\/wp-json\/wp\/v2\/comments?post=3980"}],"version-history":[{"count":5,"href":"https:\/\/m-wise.eu\/de\/wp-json\/wp\/v2\/pages\/3980\/revisions"}],"predecessor-version":[{"id":5708,"href":"https:\/\/m-wise.eu\/de\/wp-json\/wp\/v2\/pages\/3980\/revisions\/5708"}],"up":[{"embeddable":true,"href":"https:\/\/m-wise.eu\/de\/wp-json\/wp\/v2\/pages\/4050"}],"wp:attachment":[{"href":"https:\/\/m-wise.eu\/de\/wp-json\/wp\/v2\/media?parent=3980"}],"curies":[{"name":"wp","href":"https:\/\/api.w.org\/{rel}","templated":true}]}}