{"id":3967,"date":"2024-03-25T12:36:10","date_gmt":"2024-03-25T12:36:10","guid":{"rendered":"https:\/\/m-wise.knockloud.com\/verlobung\/"},"modified":"2025-01-19T19:01:46","modified_gmt":"2025-01-19T19:01:46","slug":"engagement","status":"publish","type":"page","link":"https:\/\/m-wise.eu\/de\/loyalty-cloud\/engagement\/","title":{"rendered":"Engagement"},"content":{"rendered":"","protected":false},"excerpt":{"rendered":"","protected":false},"author":1,"featured_media":0,"parent":4049,"menu_order":0,"comment_status":"closed","ping_status":"closed","template":"","meta":{"_acf_changed":false,"footnotes":""},"class_list":["post-3967","page","type-page","status-publish","hentry"],"acf":[],"yoast_head":"<!-- This site is optimized with the Yoast SEO Premium plugin v27.3 (Yoast SEO v27.3) - https:\/\/yoast.com\/product\/yoast-seo-premium-wordpress\/ -->\n<title>Engagement | Loyalit\u00e4t attraktiv machen mit m\u2013wise Loyalty Cloud<\/title>\n<meta name=\"description\" content=\"Erstellen Sie mit m\u2013wise Loyalty Cloud engagierende Loyalit\u00e4tsprogramme. F\u00f6rdern Sie Kundenloyalit\u00e4t mit personalisierten Erlebnissen.\" \/>\n<meta name=\"robots\" content=\"index, follow, max-snippet:-1, max-image-preview:large, max-video-preview:-1\" \/>\n<link rel=\"canonical\" href=\"https:\/\/m-wise.eu\/de\/loyalty-cloud\/engagement\/\" \/>\n<meta property=\"og:locale\" content=\"de_DE\" \/>\n<meta property=\"og:type\" content=\"article\" \/>\n<meta property=\"og:title\" content=\"Engagement | Loyalit\u00e4t attraktiv machen mit m\u2013wise Loyalty Cloud\" \/>\n<meta property=\"og:description\" content=\"Erstellen Sie mit m\u2013wise Loyalty Cloud engagierende Loyalit\u00e4tsprogramme. F\u00f6rdern Sie Kundenloyalit\u00e4t mit personalisierten Erlebnissen.\" \/>\n<meta property=\"og:url\" content=\"https:\/\/m-wise.eu\/de\/loyalty-cloud\/engagement\/\" \/>\n<meta property=\"og:site_name\" content=\"m\u2013wise\" \/>\n<meta property=\"article:modified_time\" content=\"2025-01-19T19:01:46+00:00\" \/>\n<meta property=\"og:image\" content=\"https:\/\/m-wise.eu\/wp-content\/uploads\/2024\/08\/Earn-and-burn-opportunities.webp\" \/>\n\t<meta property=\"og:image:width\" content=\"1080\" \/>\n\t<meta property=\"og:image:height\" content=\"720\" \/>\n\t<meta property=\"og:image:type\" content=\"image\/webp\" \/>\n<meta name=\"twitter:card\" content=\"summary_large_image\" \/>\n<meta name=\"twitter:title\" content=\"Engagement\" \/>\n<script type=\"application\/ld+json\" class=\"yoast-schema-graph\">{\"@context\":\"https:\\\/\\\/schema.org\",\"@graph\":[{\"@type\":\"WebPage\",\"@id\":\"https:\\\/\\\/m-wise.eu\\\/de\\\/loyalty-cloud\\\/engagement\\\/\",\"url\":\"https:\\\/\\\/m-wise.eu\\\/de\\\/loyalty-cloud\\\/engagement\\\/\",\"name\":\"Engagement | Loyalit\u00e4t attraktiv machen mit m\u2013wise Loyalty Cloud\",\"isPartOf\":{\"@id\":\"https:\\\/\\\/m-wise.eu\\\/de\\\/#website\"},\"datePublished\":\"2024-03-25T12:36:10+00:00\",\"dateModified\":\"2025-01-19T19:01:46+00:00\",\"description\":\"Erstellen Sie mit m\u2013wise Loyalty Cloud engagierende Loyalit\u00e4tsprogramme. F\u00f6rdern Sie Kundenloyalit\u00e4t mit personalisierten Erlebnissen.\",\"breadcrumb\":{\"@id\":\"https:\\\/\\\/m-wise.eu\\\/de\\\/loyalty-cloud\\\/engagement\\\/#breadcrumb\"},\"inLanguage\":\"de\",\"potentialAction\":[{\"@type\":\"ReadAction\",\"target\":[\"https:\\\/\\\/m-wise.eu\\\/de\\\/loyalty-cloud\\\/engagement\\\/\"]}]},{\"@type\":\"BreadcrumbList\",\"@id\":\"https:\\\/\\\/m-wise.eu\\\/de\\\/loyalty-cloud\\\/engagement\\\/#breadcrumb\",\"itemListElement\":[{\"@type\":\"ListItem\",\"position\":1,\"name\":\"Home\",\"item\":\"https:\\\/\\\/m-wise.eu\\\/de\\\/home-2026\\\/\"},{\"@type\":\"ListItem\",\"position\":2,\"name\":\"m\u2013wise Loyalty Cloud\",\"item\":\"https:\\\/\\\/m-wise.eu\\\/de\\\/loyalty-cloud\\\/\"},{\"@type\":\"ListItem\",\"position\":3,\"name\":\"Engagement\"}]},{\"@type\":\"WebSite\",\"@id\":\"https:\\\/\\\/m-wise.eu\\\/de\\\/#website\",\"url\":\"https:\\\/\\\/m-wise.eu\\\/de\\\/\",\"name\":\"m\u2013wise\",\"description\":\"\",\"publisher\":{\"@id\":\"https:\\\/\\\/m-wise.eu\\\/de\\\/#organization\"},\"potentialAction\":[{\"@type\":\"SearchAction\",\"target\":{\"@type\":\"EntryPoint\",\"urlTemplate\":\"https:\\\/\\\/m-wise.eu\\\/de\\\/?s={search_term_string}\"},\"query-input\":{\"@type\":\"PropertyValueSpecification\",\"valueRequired\":true,\"valueName\":\"search_term_string\"}}],\"inLanguage\":\"de\"},{\"@type\":\"Organization\",\"@id\":\"https:\\\/\\\/m-wise.eu\\\/de\\\/#organization\",\"name\":\"m\u2013wise\",\"url\":\"https:\\\/\\\/m-wise.eu\\\/de\\\/\",\"logo\":{\"@type\":\"ImageObject\",\"inLanguage\":\"de\",\"@id\":\"https:\\\/\\\/m-wise.eu\\\/de\\\/#\\\/schema\\\/logo\\\/image\\\/\",\"url\":\"https:\\\/\\\/m-wise.eu\\\/wp-content\\\/uploads\\\/2024\\\/12\\\/Full-logo.png\",\"contentUrl\":\"https:\\\/\\\/m-wise.eu\\\/wp-content\\\/uploads\\\/2024\\\/12\\\/Full-logo.png\",\"width\":990,\"height\":616,\"caption\":\"m\u2013wise\"},\"image\":{\"@id\":\"https:\\\/\\\/m-wise.eu\\\/de\\\/#\\\/schema\\\/logo\\\/image\\\/\"},\"sameAs\":[\"https:\\\/\\\/www.linkedin.com\\\/company\\\/m-wise\\\/\"]}]}<\/script>\n<!-- \/ Yoast SEO Premium plugin. -->","yoast_head_json":{"title":"Engagement | Loyalit\u00e4t attraktiv machen mit m\u2013wise Loyalty Cloud","description":"Erstellen Sie mit m\u2013wise Loyalty Cloud engagierende Loyalit\u00e4tsprogramme. F\u00f6rdern Sie Kundenloyalit\u00e4t mit personalisierten Erlebnissen.","robots":{"index":"index","follow":"follow","max-snippet":"max-snippet:-1","max-image-preview":"max-image-preview:large","max-video-preview":"max-video-preview:-1"},"canonical":"https:\/\/m-wise.eu\/de\/loyalty-cloud\/engagement\/","og_locale":"de_DE","og_type":"article","og_title":"Engagement | Loyalit\u00e4t attraktiv machen mit m\u2013wise Loyalty Cloud","og_description":"Erstellen Sie mit m\u2013wise Loyalty Cloud engagierende Loyalit\u00e4tsprogramme. F\u00f6rdern Sie Kundenloyalit\u00e4t mit personalisierten Erlebnissen.","og_url":"https:\/\/m-wise.eu\/de\/loyalty-cloud\/engagement\/","og_site_name":"m\u2013wise","article_modified_time":"2025-01-19T19:01:46+00:00","og_image":[{"width":1080,"height":720,"url":"https:\/\/m-wise.eu\/wp-content\/uploads\/2024\/08\/Earn-and-burn-opportunities.webp","type":"image\/webp"}],"twitter_card":"summary_large_image","twitter_title":"Engagement","schema":{"@context":"https:\/\/schema.org","@graph":[{"@type":"WebPage","@id":"https:\/\/m-wise.eu\/de\/loyalty-cloud\/engagement\/","url":"https:\/\/m-wise.eu\/de\/loyalty-cloud\/engagement\/","name":"Engagement | Loyalit\u00e4t attraktiv machen mit m\u2013wise Loyalty Cloud","isPartOf":{"@id":"https:\/\/m-wise.eu\/de\/#website"},"datePublished":"2024-03-25T12:36:10+00:00","dateModified":"2025-01-19T19:01:46+00:00","description":"Erstellen Sie mit m\u2013wise Loyalty Cloud engagierende Loyalit\u00e4tsprogramme. F\u00f6rdern Sie Kundenloyalit\u00e4t mit personalisierten Erlebnissen.","breadcrumb":{"@id":"https:\/\/m-wise.eu\/de\/loyalty-cloud\/engagement\/#breadcrumb"},"inLanguage":"de","potentialAction":[{"@type":"ReadAction","target":["https:\/\/m-wise.eu\/de\/loyalty-cloud\/engagement\/"]}]},{"@type":"BreadcrumbList","@id":"https:\/\/m-wise.eu\/de\/loyalty-cloud\/engagement\/#breadcrumb","itemListElement":[{"@type":"ListItem","position":1,"name":"Home","item":"https:\/\/m-wise.eu\/de\/home-2026\/"},{"@type":"ListItem","position":2,"name":"m\u2013wise Loyalty Cloud","item":"https:\/\/m-wise.eu\/de\/loyalty-cloud\/"},{"@type":"ListItem","position":3,"name":"Engagement"}]},{"@type":"WebSite","@id":"https:\/\/m-wise.eu\/de\/#website","url":"https:\/\/m-wise.eu\/de\/","name":"m\u2013wise","description":"","publisher":{"@id":"https:\/\/m-wise.eu\/de\/#organization"},"potentialAction":[{"@type":"SearchAction","target":{"@type":"EntryPoint","urlTemplate":"https:\/\/m-wise.eu\/de\/?s={search_term_string}"},"query-input":{"@type":"PropertyValueSpecification","valueRequired":true,"valueName":"search_term_string"}}],"inLanguage":"de"},{"@type":"Organization","@id":"https:\/\/m-wise.eu\/de\/#organization","name":"m\u2013wise","url":"https:\/\/m-wise.eu\/de\/","logo":{"@type":"ImageObject","inLanguage":"de","@id":"https:\/\/m-wise.eu\/de\/#\/schema\/logo\/image\/","url":"https:\/\/m-wise.eu\/wp-content\/uploads\/2024\/12\/Full-logo.png","contentUrl":"https:\/\/m-wise.eu\/wp-content\/uploads\/2024\/12\/Full-logo.png","width":990,"height":616,"caption":"m\u2013wise"},"image":{"@id":"https:\/\/m-wise.eu\/de\/#\/schema\/logo\/image\/"},"sameAs":["https:\/\/www.linkedin.com\/company\/m-wise\/"]}]}},"_links":{"self":[{"href":"https:\/\/m-wise.eu\/de\/wp-json\/wp\/v2\/pages\/3967","targetHints":{"allow":["GET"]}}],"collection":[{"href":"https:\/\/m-wise.eu\/de\/wp-json\/wp\/v2\/pages"}],"about":[{"href":"https:\/\/m-wise.eu\/de\/wp-json\/wp\/v2\/types\/page"}],"author":[{"embeddable":true,"href":"https:\/\/m-wise.eu\/de\/wp-json\/wp\/v2\/users\/1"}],"replies":[{"embeddable":true,"href":"https:\/\/m-wise.eu\/de\/wp-json\/wp\/v2\/comments?post=3967"}],"version-history":[{"count":5,"href":"https:\/\/m-wise.eu\/de\/wp-json\/wp\/v2\/pages\/3967\/revisions"}],"predecessor-version":[{"id":5671,"href":"https:\/\/m-wise.eu\/de\/wp-json\/wp\/v2\/pages\/3967\/revisions\/5671"}],"up":[{"embeddable":true,"href":"https:\/\/m-wise.eu\/de\/wp-json\/wp\/v2\/pages\/4049"}],"wp:attachment":[{"href":"https:\/\/m-wise.eu\/de\/wp-json\/wp\/v2\/media?parent=3967"}],"curies":[{"name":"wp","href":"https:\/\/api.w.org\/{rel}","templated":true}]}}